{"id":30,"date":"2015-05-24T22:20:54","date_gmt":"2015-05-24T20:20:54","guid":{"rendered":"http:\/\/freifunk.schwarzburg-rudolstadt.de\/?page_id=30"},"modified":"2020-04-21T22:48:39","modified_gmt":"2020-04-21T20:48:39","slug":"videos","status":"publish","type":"page","link":"https:\/\/freifunk.schwarzburg-rudolstadt.de\/index.php\/videos\/","title":{"rendered":"Videos"},"content":{"rendered":"<p>[WDR Lokalzeit DU 06.02.2015] Freifunk f\u00fcr alle bald Wirklichkeit?<\/p>\n<p><iframe loading=\"lazy\" width=\"790\" height=\"444\" src=\"https:\/\/www.youtube.com\/embed\/EVwcESMTr5M?feature=oembed\" frameborder=\"0\" allowfullscreen><\/iframe><\/p>\n<p>&nbsp;<\/p>\n<p>Worum geht\u2019s?<\/p>\n<p>Freifunk ist eine nicht-kommerzielle Initiative f\u00fcr freie Funknetzwerke.<br \/>\n<iframe loading=\"lazy\" width=\"790\" height=\"444\" src=\"https:\/\/www.youtube.com\/embed\/2Z12OjnPADA?feature=oembed\" frameborder=\"0\" allowfullscreen><\/iframe><\/p>\n<p>___________________________________________<\/p>\n<p>Freifunk im Freibad Rosdorf<\/p>\n<p><iframe loading=\"lazy\" width=\"790\" height=\"444\" src=\"https:\/\/www.youtube.com\/embed\/VZ2g6-qB-OA?feature=oembed\" frameborder=\"0\" allowfullscreen><\/iframe><\/p>\n<p>Freifunk Paderborn im Lokalfernsehen<\/p>\n<p><iframe loading=\"lazy\" width=\"790\" height=\"444\" src=\"https:\/\/www.youtube.com\/embed\/6N95zxGEi2A?feature=oembed\" frameborder=\"0\" allowfullscreen><\/iframe><\/p>\n<div id=\"dc_vk_code\" style=\"display: none;\"><\/div>\n<p>#Freifunk #WLAN #B\u00fcrgernetz Arnsberg (Lokalzeit WDR 25.07.2014)<\/p>\n<p><iframe loading=\"lazy\" width=\"790\" height=\"444\" src=\"https:\/\/www.youtube.com\/embed\/ElQqSFw8IRA?feature=oembed\" frameborder=\"0\" allowfullscreen><\/iframe><\/p>\n<p>Freifunk-Witten in der Lokalzeit-Dortmund am 07.01.2015<\/p>\n<p><iframe loading=\"lazy\" width=\"790\" height=\"444\" src=\"https:\/\/www.youtube.com\/embed\/qB5X9jlitcQ?feature=oembed\" frameborder=\"0\" allowfullscreen><\/iframe><\/p>\n<p>Freifunk M\u00fcnchen: WLAN-Netz f\u00fcr alle &#8211; Bayerisches Fernsehen<\/p>\n<p><iframe loading=\"lazy\" width=\"790\" height=\"444\" src=\"https:\/\/www.youtube.com\/embed\/rWc0p6_nXsA?feature=oembed\" frameborder=\"0\" allowfullscreen><\/iframe><\/p>\n<p>&nbsp;<\/p>\n","protected":false},"excerpt":{"rendered":"<p>[WDR Lokalzeit DU 06.02.2015] Freifunk f\u00fcr alle bald Wirklichkeit? &nbsp; Worum geht\u2019s? Freifunk ist eine nicht-kommerzielle Initiative f\u00fcr freie Funknetzwerke. ___________________________________________ Freifunk im Freibad Rosdorf Freifunk Paderborn im Lokalfernsehen #Freifunk #WLAN #B\u00fcrgernetz Arnsberg (Lokalzeit WDR 25.07.2014) Freifunk-Witten in der Lokalzeit-Dortmund am 07.01.2015 Freifunk M\u00fcnchen: WLAN-Netz f\u00fcr alle &#8211; Bayerisches Fernsehen &nbsp;<\/p>\n","protected":false},"author":1,"featured_media":0,"parent":0,"menu_order":3,"comment_status":"open","ping_status":"open","template":"","meta":[],"_links":{"self":[{"href":"https:\/\/freifunk.schwarzburg-rudolstadt.de\/index.php\/wp-json\/wp\/v2\/pages\/30"}],"collection":[{"href":"https:\/\/freifunk.schwarzburg-rudolstadt.de\/index.php\/wp-json\/wp\/v2\/pages"}],"about":[{"href":"https:\/\/freifunk.schwarzburg-rudolstadt.de\/index.php\/wp-json\/wp\/v2\/types\/page"}],"author":[{"embeddable":true,"href":"https:\/\/freifunk.schwarzburg-rudolstadt.de\/index.php\/wp-json\/wp\/v2\/users\/1"}],"replies":[{"embeddable":true,"href":"https:\/\/freifunk.schwarzburg-rudolstadt.de\/index.php\/wp-json\/wp\/v2\/comments?post=30"}],"version-history":[{"count":1,"href":"https:\/\/freifunk.schwarzburg-rudolstadt.de\/index.php\/wp-json\/wp\/v2\/pages\/30\/revisions"}],"predecessor-version":[{"id":50,"href":"https:\/\/freifunk.schwarzburg-rudolstadt.de\/index.php\/wp-json\/wp\/v2\/pages\/30\/revisions\/50"}],"wp:attachment":[{"href":"https:\/\/freifunk.schwarzburg-rudolstadt.de\/index.php\/wp-json\/wp\/v2\/media?parent=30"}],"curies":[{"name":"wp","href":"https:\/\/api.w.org\/{rel}","templated":true}]}}